{"id":178,"date":"2019-03-27T14:59:42","date_gmt":"2019-03-27T13:59:42","guid":{"rendered":"http:\/\/4c-engineering.com\/?page_id=178"},"modified":"2019-03-27T15:37:52","modified_gmt":"2019-03-27T14:37:52","slug":"formations","status":"publish","type":"page","link":"https:\/\/4c-engineering.com\/?page_id=178","title":{"rendered":"Formations"},"content":{"rendered":"<div class=\"texte\">\n<p>Le Plan national d\u2019adaptation au changement climatique (PNACC) est un plan officialis\u00e9 en 2011 par le minist\u00e8re de l&rsquo;\u00c9cologie et du D\u00e9veloppement durable pour adapter la France aux \u00e9volutions climatiques \u00e0 venir. Compos\u00e9 de 202 recommandations, ce plan repose sur deux piliers principaux : l\u2019att\u00e9nuation de l\u2019impact sur l\u2019environnement et l\u2019adaptation du pays aux changements climatiques en cours. Il devra notamment \u00eatre d\u00e9clin\u00e9 dans les sch\u00e9mas r\u00e9gionaux du climat, de l\u2019air et de l\u2019\u00e9nergie, pr\u00e9vus par la loi Grenelle II et dans les plans Climat-\u00e9nergie territoriaux (PCET).<\/p>\n<\/div>\n<p>Dans ce contexte, 4C Engineering propose des formations et conf\u00e9rences pour le secteur priv\u00e9 et l&rsquo;industrie,\u00a0 les collectivit\u00e9s, organismes publiques, universit\u00e9s, \u00e9coles d&rsquo;ing\u00e9nieurs et associations.<\/p>\n<p>Les formations sont organis\u00e9es autour de modules et confectionn\u00e9es pour r\u00e9pondre au mieux aux besoins selon le but recherch\u00e9 et l&rsquo;activit\u00e9 principale de l&rsquo;\u00e9tablissement demandeur.<\/p>\n","protected":false},"excerpt":{"rendered":"<p>Le Plan national d\u2019adaptation au changement climatique (PNACC) est un plan officialis\u00e9 en 2011 par le minist\u00e8re de l&rsquo;\u00c9cologie et du D\u00e9veloppement durable pour adapter la France aux \u00e9volutions climatiques \u00e0 venir. Compos\u00e9 de 202 recommandations, ce plan repose sur deux piliers principaux : l\u2019att\u00e9nuation de l\u2019impact sur l\u2019environnement et l\u2019adaptation du pays aux changements &hellip; <\/p>\n<p class=\"link-more\"><a href=\"https:\/\/4c-engineering.com\/?page_id=178\" class=\"more-link\">Continuer la lecture<span class=\"screen-reader-text\"> de &laquo;&nbsp;Formations&nbsp;&raquo;<\/span><\/a><\/p>\n","protected":false},"author":1,"featured_media":0,"parent":0,"menu_order":0,"comment_status":"closed","ping_status":"closed","template":"","meta":{"footnotes":""},"_links":{"self":[{"href":"https:\/\/4c-engineering.com\/index.php?rest_route=\/wp\/v2\/pages\/178"}],"collection":[{"href":"https:\/\/4c-engineering.com\/index.php?rest_route=\/wp\/v2\/pages"}],"about":[{"href":"https:\/\/4c-engineering.com\/index.php?rest_route=\/wp\/v2\/types\/page"}],"author":[{"embeddable":true,"href":"https:\/\/4c-engineering.com\/index.php?rest_route=\/wp\/v2\/users\/1"}],"replies":[{"embeddable":true,"href":"https:\/\/4c-engineering.com\/index.php?rest_route=%2Fwp%2Fv2%2Fcomments&post=178"}],"version-history":[{"count":4,"href":"https:\/\/4c-engineering.com\/index.php?rest_route=\/wp\/v2\/pages\/178\/revisions"}],"predecessor-version":[{"id":186,"href":"https:\/\/4c-engineering.com\/index.php?rest_route=\/wp\/v2\/pages\/178\/revisions\/186"}],"wp:attachment":[{"href":"https:\/\/4c-engineering.com\/index.php?rest_route=%2Fwp%2Fv2%2Fmedia&parent=178"}],"curies":[{"name":"wp","href":"https:\/\/api.w.org\/{rel}","templated":true}]}}