{"id":2,"date":"2018-10-17T22:31:15","date_gmt":"2018-10-17T20:31:15","guid":{"rendered":"http:\/\/4c-engineering.com\/?page_id=2"},"modified":"2022-10-21T09:27:05","modified_gmt":"2022-10-21T07:27:05","slug":"changement-climatique","status":"publish","type":"page","link":"https:\/\/4c-engineering.com\/?page_id=2","title":{"rendered":"Changement Climatique"},"content":{"rendered":"<p>CONTEXT<\/p>\n<p>Quelles que soient les mesures prises par les diff\u00e9rents gouvernements aujourd\u2019hui pour lutter contre le r\u00e9chauffement climatique, l\u2019inertie des gaz \u00e0 effets de serre &#8211; rejet\u00e9s dans l\u2019atmosph\u00e8re depuis le d\u00e9but de l\u2019utilisation des \u00e9nergies fossiles &#8211; est telle que l\u2019\u00e9volution du climat est d\u00e9j\u00e0 act\u00e9e pour les prochaines d\u00e9cennies.<\/p>\n<p>Les impacts du changement climatique vont donc continuer et m\u00eame s\u2019amplifier sans que l\u2019on soit en mesure d\u2019enrayer cet emballement \u00e0 court terme. Ainsi, l\u2019acidification des oc\u00e9ans, l\u2019intensification des ph\u00e9nom\u00e8nes extr\u00eames &#8211; telles que les temp\u00eates accompagn\u00e9es de pluie, de vent, de vagues de submersion &#8211; ainsi que la hausse du niveau due \u00e0 la dilatation des oc\u00e9ans et \u00e0 la fonte des glaciers, vont se poursuivre avec des cons\u00e9quences importantes sur nos littoraux.<\/p>\n<p>En effet, sachant que 60% de la population mondiale vit dans les grandes zones c\u00f4ti\u00e8res, la mont\u00e9e des eaux et le recul du trait de c\u00f4te associ\u00e9 vont avoir des implications socio-\u00e9conomiques et g\u00e9opolitiques sans pr\u00e9c\u00e9dent, en termes d\u2019am\u00e9nagement du littoral, d\u2019am\u00e9nagement des territoires et jusqu\u2019au d\u00e9placements des populations les plus vuln\u00e9rables.<\/p>\n<p>PROBLEMATIQUE<\/p>\n<p>La connaissance scientifique nous apporte un \u00e9clairage sur les perspectives d\u2019\u00e9volutions du climat suivant diff\u00e9rents sc\u00e9narios pour les ann\u00e9es et les si\u00e8cles \u00e0 venir. Les diff\u00e9rentes COP successives ont vu les responsables politiques tenter de s\u2019accorder sur des mesures de r\u00e9duction des \u00e9missions de gaz \u00e0 effet de serre qui permettent de limiter le r\u00e9chauffement climatique mondiale \u00e0 une temp\u00e9rature moyenne qui fasse consensus.<\/p>\n<p>Cependant, les acteurs locaux, qu\u2019ils soient publics ou priv\u00e9s, sont en premi\u00e8re ligne face aux catastrophes climatiques et sont d\u00e9pourvus \u00e0 chaque \u00e9v\u00e8nement intervenant sur leur territoire. En effet, il est difficile aujourd\u2019hui d\u2019appr\u00e9hender un ph\u00e9nom\u00e8ne mondial g\u00e9n\u00e9ralis\u00e9 \u00e0 l\u2019ensemble de la plan\u00e8te avec des enjeux politiques majeurs, \u00e0 l\u2019\u00e9chelle d\u2019une r\u00e9gion, d\u2019une communaut\u00e9 de communes, d\u2019une ville ou d\u2019une plage, aussi bien en France que dans une petite \u00eele recul\u00e9e des Maldives ou de Polyn\u00e9sie.<\/p>\n<p><strong>4C Engineering<\/strong> propose ainsi une approche syst\u00e9mique par le biais d\u2019une offre de services globale qui fasse le lien entre la connaissance scientifique sur le changement climatique et les d\u00e9cideurs pour apporter un accompagnement strat\u00e9gique sur les questions d\u2019am\u00e9nagements aux \u00e9chelles ad\u00e9quates et proposer la mise en place de solutions d\u2019adaptation appropri\u00e9es face aux probl\u00e9matiques auxquelles ils sont confront\u00e9s.<\/p>\n<p>Ce travail se symbolise par des \u00e9tudes dites de vuln\u00e9rabilit\u00e9 afin d\u2019\u00e9tudier les impacts physiques du changement climatique par une approche prospective \u00e0 diff\u00e9rentes \u00e9chelles de temps,\u00a0mais \u00e9galement socio-\u00e9conomiques et g\u00e9opolitiques.<\/p>\n<p>Ces \u00e9tudes de vuln\u00e9rabilit\u00e9 couplent les al\u00e9as, les enjeux, la sensibilit\u00e9 et la capacit\u00e9 d\u2019adaptation des populations aux risques li\u00e9s au changement climatique par une analyse fine et des investigations de terrain.<\/p>\n","protected":false},"excerpt":{"rendered":"<p>CONTEXT Quelles que soient les mesures prises par les diff\u00e9rents gouvernements aujourd\u2019hui pour lutter contre le r\u00e9chauffement climatique, l\u2019inertie des gaz \u00e0 effets de serre &#8211; rejet\u00e9s dans l\u2019atmosph\u00e8re depuis le d\u00e9but de l\u2019utilisation des \u00e9nergies fossiles &#8211; est telle que l\u2019\u00e9volution du climat est d\u00e9j\u00e0 act\u00e9e pour les prochaines d\u00e9cennies. Les impacts du changement &hellip; <\/p>\n<p class=\"link-more\"><a href=\"https:\/\/4c-engineering.com\/?page_id=2\" class=\"more-link\">Continuer la lecture<span class=\"screen-reader-text\"> de &laquo;&nbsp;Changement Climatique&nbsp;&raquo;<\/span><\/a><\/p>\n","protected":false},"author":1,"featured_media":0,"parent":0,"menu_order":0,"comment_status":"closed","ping_status":"closed","template":"","meta":{"footnotes":""},"_links":{"self":[{"href":"https:\/\/4c-engineering.com\/index.php?rest_route=\/wp\/v2\/pages\/2"}],"collection":[{"href":"https:\/\/4c-engineering.com\/index.php?rest_route=\/wp\/v2\/pages"}],"about":[{"href":"https:\/\/4c-engineering.com\/index.php?rest_route=\/wp\/v2\/types\/page"}],"author":[{"embeddable":true,"href":"https:\/\/4c-engineering.com\/index.php?rest_route=\/wp\/v2\/users\/1"}],"replies":[{"embeddable":true,"href":"https:\/\/4c-engineering.com\/index.php?rest_route=%2Fwp%2Fv2%2Fcomments&post=2"}],"version-history":[{"count":5,"href":"https:\/\/4c-engineering.com\/index.php?rest_route=\/wp\/v2\/pages\/2\/revisions"}],"predecessor-version":[{"id":193,"href":"https:\/\/4c-engineering.com\/index.php?rest_route=\/wp\/v2\/pages\/2\/revisions\/193"}],"wp:attachment":[{"href":"https:\/\/4c-engineering.com\/index.php?rest_route=%2Fwp%2Fv2%2Fmedia&parent=2"}],"curies":[{"name":"wp","href":"https:\/\/api.w.org\/{rel}","templated":true}]}}