{"id":8,"date":"2018-10-18T13:54:03","date_gmt":"2018-10-18T11:54:03","guid":{"rendered":"http:\/\/4c-engineering.com\/?page_id=8"},"modified":"2022-10-21T09:43:37","modified_gmt":"2022-10-21T07:43:37","slug":"a-propos-de","status":"publish","type":"page","link":"https:\/\/4c-engineering.com\/?page_id=8","title":{"rendered":"A propos de"},"content":{"rendered":"<p><strong>4C Engineering<\/strong> est un bureau d&rsquo;\u00e9tudes ind\u00e9pendant dont les domaines d\u2019intervention concernent :<\/p>\n<ul>\n<li>Le conseil scientifique et technique\u00a0 :\n<ul>\n<li>Au sein de bureau d\u2019\u00e9tudes du domaine de l&rsquo;ing\u00e9nierie maritime n\u00e9cessitant une comp\u00e9tence particuli\u00e8re ;<\/li>\n<li>Pour des industriels ou des priv\u00e9s confront\u00e9s \u00e0 une probl\u00e9matique maritime\u00a0;<\/li>\n<\/ul>\n<\/li>\n<\/ul>\n<ul>\n<li>L&rsquo;assistance \u00e0 Maitrise d\u2019Ouvrage (AMO) pour les d\u00e9cideurs, pouvoirs publics et les gouvernements autour de :<\/li>\n<li style=\"list-style-type: none;\">\n<ul>\n<li>Projets d\u2019am\u00e9nagements c\u00f4tiers et de lutte contre l\u2019\u00e9rosion c\u00f4ti\u00e8re\u00a0;<\/li>\n<li>Strat\u00e9gies \u00e0 court, moyen et long terme afin de repenser le littoral de demain en int\u00e9grant les derni\u00e8res donn\u00e9es du GIEC\u00a0;<\/li>\n<li>Accompagnement g\u00e9opolitique li\u00e9 au bouleversements que va engendrer le changement climatique sur les populations du littoral et notamment les pays du Sud\u00a0;<\/li>\n<\/ul>\n<\/li>\n<\/ul>\n<ul>\n<li>Le consulting et la Maitrise d&rsquo;Oeuvre (Moe) pour :\n<ul>\n<li>Des projets d\u2019am\u00e9nagements c\u00f4tiers ou d\u2019infrastructures portuaires ;<\/li>\n<li>La mod\u00e9lisation hydrodynamique\u00a0;<\/li>\n<li>Les \u00e9tudes de vuln\u00e9rabilit\u00e9;<\/li>\n<\/ul>\n<\/li>\n<\/ul>\n<ul>\n<li>La formation et les conf\u00e9rences en :\n<ul>\n<li>Ecole d&rsquo;ing\u00e9nieur \/ Universit\u00e9s\u00a0<\/li>\n<li>Entreprises\u00a0<\/li>\n<li>Ev\u00e8nements publics<\/li>\n<\/ul>\n<\/li>\n<\/ul>\n\n\n<p><\/p>\n","protected":false},"excerpt":{"rendered":"<p>4C Engineering est un bureau d&rsquo;\u00e9tudes ind\u00e9pendant dont les domaines d\u2019intervention concernent : Le conseil scientifique et technique\u00a0 : Au sein de bureau d\u2019\u00e9tudes du domaine de l&rsquo;ing\u00e9nierie maritime n\u00e9cessitant une comp\u00e9tence particuli\u00e8re ; Pour des industriels ou des priv\u00e9s confront\u00e9s \u00e0 une probl\u00e9matique maritime\u00a0; L&rsquo;assistance \u00e0 Maitrise d\u2019Ouvrage (AMO) pour les d\u00e9cideurs, pouvoirs publics &hellip; <\/p>\n<p class=\"link-more\"><a href=\"https:\/\/4c-engineering.com\/?page_id=8\" class=\"more-link\">Continuer la lecture<span class=\"screen-reader-text\"> de &laquo;&nbsp;A propos de&nbsp;&raquo;<\/span><\/a><\/p>\n","protected":false},"author":1,"featured_media":0,"parent":0,"menu_order":0,"comment_status":"closed","ping_status":"closed","template":"","meta":{"footnotes":""},"_links":{"self":[{"href":"https:\/\/4c-engineering.com\/index.php?rest_route=\/wp\/v2\/pages\/8"}],"collection":[{"href":"https:\/\/4c-engineering.com\/index.php?rest_route=\/wp\/v2\/pages"}],"about":[{"href":"https:\/\/4c-engineering.com\/index.php?rest_route=\/wp\/v2\/types\/page"}],"author":[{"embeddable":true,"href":"https:\/\/4c-engineering.com\/index.php?rest_route=\/wp\/v2\/users\/1"}],"replies":[{"embeddable":true,"href":"https:\/\/4c-engineering.com\/index.php?rest_route=%2Fwp%2Fv2%2Fcomments&post=8"}],"version-history":[{"count":8,"href":"https:\/\/4c-engineering.com\/index.php?rest_route=\/wp\/v2\/pages\/8\/revisions"}],"predecessor-version":[{"id":197,"href":"https:\/\/4c-engineering.com\/index.php?rest_route=\/wp\/v2\/pages\/8\/revisions\/197"}],"wp:attachment":[{"href":"https:\/\/4c-engineering.com\/index.php?rest_route=%2Fwp%2Fv2%2Fmedia&parent=8"}],"curies":[{"name":"wp","href":"https:\/\/api.w.org\/{rel}","templated":true}]}}