{"id":9,"date":"2018-10-18T13:54:03","date_gmt":"2018-10-18T11:54:03","guid":{"rendered":"http:\/\/4c-engineering.com\/?page_id=9"},"modified":"2022-10-21T09:27:59","modified_gmt":"2022-10-21T07:27:59","slug":"accueil-2","status":"publish","type":"page","link":"https:\/\/4c-engineering.com\/","title":{"rendered":"Accueil"},"content":{"rendered":"<p><strong>C<\/strong>onseil en Ing\u00e9nierie <strong>C<\/strong>\u00f4ti\u00e8re et <strong>C<\/strong>hangement <strong>C<\/strong>limatique<\/p>\n<p><strong>4C Engineering<\/strong> est un cabinet d\u2019\u00e9tudes techniques d\u2019\u00e9tudes et de conseil en ing\u00e9nierie maritime, de, d\u2019am\u00e9nagement du littoral, de design de structures en milieu c\u00f4tier et portuaires, et d\u2019adaptation au changement climatique.<\/p>\n<p>Premier bureau d\u2019\u00e9tudes de ce genre \u00e0 int\u00e9grer les enjeux climatiques \u00e0 ses \u00e9tudes et ses designs maritimes tout en proposant des services de consulting pour aider le secteur public et priv\u00e9 \u00e0 appr\u00e9hender ses impacts.<\/p>\n<p>4C Engineering, en tant que bureau d\u2019\u00e9tudes en environnement marin, propose ainsi une approche syst\u00e9mique par le biais d\u2019une offre de services globale qui fasse le lien entre la connaissance scientifique sur le changement climatique et les d\u00e9cideurs pour apporter un accompagnement strat\u00e9gique sur les questions d\u2019am\u00e9nagements aux \u00e9chelles ad\u00e9quates et proposer la mise en place de solutions d\u2019adaptation appropri\u00e9es face aux probl\u00e9matiques auxquelles ils sont confront\u00e9s.<\/p>\n<p>4C Engineering couvre ainsi les \u00e9tudes techniques pour \u00e9valuer l\u2019impact physique du changement climatique sur l\u2019environnement et les moyens de protection lorsque c\u2019est possible (des \u00e9tudes de faisabilit\u00e9 jusqu\u2019\u00e0 la supervision des travaux) mais \u00e9galement les \u00e9tudes socio-\u00e9conomiques : pour \u00e9tudier l\u2019impact sur les populations locales, et g\u00e9opolitiques afin de r\u00e9organiser les territoires et anticiper les flux migratoires.<\/p>\n<p>\u00a0<\/p>\n\n\n<p><\/p>\n","protected":false},"excerpt":{"rendered":"<p>Conseil en Ing\u00e9nierie C\u00f4ti\u00e8re et Changement Climatique 4C Engineering est un cabinet d\u2019\u00e9tudes techniques d\u2019\u00e9tudes et de conseil en ing\u00e9nierie maritime, de, d\u2019am\u00e9nagement du littoral, de design de structures en milieu c\u00f4tier et portuaires, et d\u2019adaptation au changement climatique. Premier bureau d\u2019\u00e9tudes de ce genre \u00e0 int\u00e9grer les enjeux climatiques \u00e0 ses \u00e9tudes et ses &hellip; <\/p>\n<p class=\"link-more\"><a href=\"https:\/\/4c-engineering.com\/\" class=\"more-link\">Continuer la lecture<span class=\"screen-reader-text\"> de &laquo;&nbsp;Accueil&nbsp;&raquo;<\/span><\/a><\/p>\n","protected":false},"author":1,"featured_media":0,"parent":0,"menu_order":0,"comment_status":"closed","ping_status":"closed","template":"","meta":{"footnotes":""},"_links":{"self":[{"href":"https:\/\/4c-engineering.com\/index.php?rest_route=\/wp\/v2\/pages\/9"}],"collection":[{"href":"https:\/\/4c-engineering.com\/index.php?rest_route=\/wp\/v2\/pages"}],"about":[{"href":"https:\/\/4c-engineering.com\/index.php?rest_route=\/wp\/v2\/types\/page"}],"author":[{"embeddable":true,"href":"https:\/\/4c-engineering.com\/index.php?rest_route=\/wp\/v2\/users\/1"}],"replies":[{"embeddable":true,"href":"https:\/\/4c-engineering.com\/index.php?rest_route=%2Fwp%2Fv2%2Fcomments&post=9"}],"version-history":[{"count":12,"href":"https:\/\/4c-engineering.com\/index.php?rest_route=\/wp\/v2\/pages\/9\/revisions"}],"predecessor-version":[{"id":194,"href":"https:\/\/4c-engineering.com\/index.php?rest_route=\/wp\/v2\/pages\/9\/revisions\/194"}],"wp:attachment":[{"href":"https:\/\/4c-engineering.com\/index.php?rest_route=%2Fwp%2Fv2%2Fmedia&parent=9"}],"curies":[{"name":"wp","href":"https:\/\/api.w.org\/{rel}","templated":true}]}}